{"id":19269,"date":"2025-09-25T16:15:25","date_gmt":"2025-09-25T14:15:25","guid":{"rendered":"https:\/\/country.ntg.com\/?page_id=19269"},"modified":"2025-09-29T09:31:41","modified_gmt":"2025-09-29T07:31:41","slug":"merger-plan","status":"publish","type":"page","link":"https:\/\/country.ntg.com\/pl-en\/contact\/ntg-ebrex-polska\/merger-plan\/","title":{"rendered":"Merger plan"},"content":{"rendered":"<p><div class=\"fusion-fullwidth fullwidth-box fusion-builder-row-1 fusion-flex-container has-pattern-background has-mask-background fusion-parallax-none hero sub-page nonhundred-percent-fullwidth non-hundred-percent-height-scrolling fusion-animated\" style=\"--awb-background-position:center bottom;--awb-border-radius-top-left:0px;--awb-border-radius-top-right:0px;--awb-border-radius-bottom-right:0px;--awb-border-radius-bottom-left:0px;--awb-margin-bottom:0px;--awb-background-image:linear-gradient(180deg, rgba(255,255,255,0) 30%,rgba(0,0,0,0.65) 75%),url(https:\/\/country.ntg.com\/wp-content\/uploads\/trucks-on-road-1.jpg);;--awb-background-size:cover;--awb-flex-wrap:wrap;\" data-animationType=\"fadeIn\" data-animationDuration=\"1.0\" data-animationOffset=\"top-into-view\" ><div class=\"fusion-builder-row fusion-row fusion-flex-align-items-flex-start fusion-flex-content-wrap\" style=\"max-width:1352px;margin-left: calc(-4% \/ 2 );margin-right: calc(-4% \/ 2 );\"><div class=\"fusion-layout-column fusion_builder_column fusion-builder-column-0 fusion_builder_column_1_1 1_1 fusion-flex-column\" style=\"--awb-bg-size:cover;--awb-width-large:100%;--awb-margin-top-large:0px;--awb-spacing-right-large:1.92%;--awb-margin-bottom-large:0px;--awb-spacing-left-large:1.92%;--awb-width-medium:100%;--awb-order-medium:0;--awb-spacing-right-medium:1.92%;--awb-spacing-left-medium:1.92%;--awb-width-small:100%;--awb-order-small:0;--awb-spacing-right-small:1.92%;--awb-spacing-left-small:1.92%;\" data-motion-effects=\"[{&quot;type&quot;:&quot;&quot;,&quot;scroll_type&quot;:&quot;transition&quot;,&quot;scroll_direction&quot;:&quot;up&quot;,&quot;transition_speed&quot;:&quot;1&quot;,&quot;fade_type&quot;:&quot;in&quot;,&quot;scale_type&quot;:&quot;up&quot;,&quot;initial_scale&quot;:&quot;1&quot;,&quot;max_scale&quot;:&quot;1.5&quot;,&quot;min_scale&quot;:&quot;0.5&quot;,&quot;initial_rotate&quot;:&quot;0&quot;,&quot;end_rotate&quot;:&quot;30&quot;,&quot;initial_blur&quot;:&quot;0&quot;,&quot;end_blur&quot;:&quot;3&quot;,&quot;start_element&quot;:&quot;top&quot;,&quot;start_viewport&quot;:&quot;bottom&quot;,&quot;end_element&quot;:&quot;bottom&quot;,&quot;end_viewport&quot;:&quot;top&quot;,&quot;mouse_effect&quot;:&quot;track&quot;,&quot;mouse_effect_direction&quot;:&quot;opposite&quot;,&quot;mouse_effect_speed&quot;:&quot;2&quot;,&quot;infinite_animation&quot;:&quot;float&quot;,&quot;infinite_animation_speed&quot;:&quot;2&quot;}]\" data-scroll-devices=\"small-visibility,medium-visibility,large-visibility\"><div class=\"fusion-column-wrapper fusion-column-has-shadow fusion-flex-justify-content-flex-start fusion-content-layout-column\"><div class=\"fusion-title title fusion-title-1 fusion-sep-none fusion-title-center fusion-title-text fusion-title-size-one fusion-animated\" style=\"--awb-text-color:var(--awb-color6);\" data-animationType=\"fadeInUp\" data-animationDuration=\"1.5\" data-animationOffset=\"top-into-view\"><h1 class=\"fusion-title-heading title-heading-center\" style=\"margin:0;\">Merger plan<\/h1><\/div><div class=\"fusion-separator fusion-full-width-sep\" style=\"align-self: center;margin-left: auto;margin-right: auto;margin-top:30px;width:100%;\"><\/div><\/div><\/div><\/div><\/div><div class=\"fusion-fullwidth fullwidth-box fusion-builder-row-2 fusion-flex-container has-pattern-background has-mask-background company-menu nonhundred-percent-fullwidth non-hundred-percent-height-scrolling fusion-no-small-visibility fusion-animated fusion-sticky-container\" style=\"--awb-border-radius-top-left:0px;--awb-border-radius-top-right:0px;--awb-border-radius-bottom-right:0px;--awb-border-radius-bottom-left:0px;--awb-padding-top:10px;--awb-padding-bottom:10px;--awb-background-color:var(--awb-color6);--awb-flex-wrap:wrap;\" data-animationType=\"fadeInDown\" data-animationDuration=\"0.8\" data-animationDelay=\"0.4\" data-animationOffset=\"top-into-view\" data-transition-offset=\"0\" data-scroll-offset=\"0\" data-sticky-medium-visibility=\"1\" data-sticky-large-visibility=\"1\" ><div class=\"fusion-builder-row fusion-row fusion-flex-align-items-flex-start fusion-flex-content-wrap\" style=\"max-width:1352px;margin-left: calc(-4% \/ 2 );margin-right: calc(-4% \/ 2 );\"><div class=\"fusion-layout-column fusion_builder_column fusion-builder-column-1 fusion_builder_column_1_1 1_1 fusion-flex-column\" style=\"--awb-bg-size:cover;--awb-width-large:100%;--awb-margin-top-large:0px;--awb-spacing-right-large:1.92%;--awb-margin-bottom-large:0px;--awb-spacing-left-large:1.92%;--awb-width-medium:100%;--awb-order-medium:0;--awb-spacing-right-medium:1.92%;--awb-spacing-left-medium:1.92%;--awb-width-small:100%;--awb-order-small:0;--awb-spacing-right-small:1.92%;--awb-spacing-left-small:1.92%;\" data-motion-effects=\"[{&quot;type&quot;:&quot;&quot;,&quot;scroll_type&quot;:&quot;transition&quot;,&quot;scroll_direction&quot;:&quot;up&quot;,&quot;transition_speed&quot;:&quot;1&quot;,&quot;fade_type&quot;:&quot;in&quot;,&quot;scale_type&quot;:&quot;up&quot;,&quot;initial_scale&quot;:&quot;1&quot;,&quot;max_scale&quot;:&quot;1.5&quot;,&quot;min_scale&quot;:&quot;0.5&quot;,&quot;initial_rotate&quot;:&quot;0&quot;,&quot;end_rotate&quot;:&quot;30&quot;,&quot;initial_blur&quot;:&quot;0&quot;,&quot;end_blur&quot;:&quot;3&quot;,&quot;start_element&quot;:&quot;top&quot;,&quot;start_viewport&quot;:&quot;bottom&quot;,&quot;end_element&quot;:&quot;bottom&quot;,&quot;end_viewport&quot;:&quot;top&quot;,&quot;mouse_effect&quot;:&quot;track&quot;,&quot;mouse_effect_direction&quot;:&quot;opposite&quot;,&quot;mouse_effect_speed&quot;:&quot;2&quot;,&quot;infinite_animation&quot;:&quot;float&quot;,&quot;infinite_animation_speed&quot;:&quot;2&quot;}]\" data-scroll-devices=\"small-visibility,medium-visibility,large-visibility\"><div class=\"fusion-column-wrapper fusion-column-has-shadow fusion-flex-justify-content-flex-start fusion-content-layout-column\"><nav class=\"awb-menu awb-menu_row awb-menu_em-hover mobile-mode-always-expanded awb-menu_icons-left awb-menu_dc-yes mobile-trigger-fullwidth-off awb-menu_mobile-toggle awb-menu_indent-left loading mega-menu-loading awb-menu_desktop awb-menu_dropdown awb-menu_expand-right awb-menu_transition-fade\" style=\"--awb-gap:50px;--awb-justify-content:center;--awb-active-color:var(--awb-color1);--awb-main-justify-content:flex-start;--awb-mobile-justify:flex-start;--awb-mobile-caret-left:auto;--awb-mobile-caret-right:0;--awb-fusion-font-family-typography:inherit;--awb-fusion-font-style-typography:normal;--awb-fusion-font-weight-typography:400;--awb-fusion-font-family-submenu-typography:inherit;--awb-fusion-font-style-submenu-typography:normal;--awb-fusion-font-weight-submenu-typography:400;--awb-fusion-font-family-mobile-typography:inherit;--awb-fusion-font-style-mobile-typography:normal;--awb-fusion-font-weight-mobile-typography:400;\" aria-label=\"NTG Ebrex PL-EN\" data-breakpoint=\"1024\" data-count=\"0\" data-transition-type=\"fade\" data-transition-time=\"300\"><button type=\"button\" class=\"awb-menu__m-toggle awb-menu__m-toggle_no-text\" aria-expanded=\"false\" aria-controls=\"menu-ntg-ebrex-pl-en\"><span class=\"awb-menu__m-toggle-inner\"><span class=\"collapsed-nav-text\"><span class=\"screen-reader-text\">Toggle Navigation<\/span><\/span><span class=\"awb-menu__m-collapse-icon awb-menu__m-collapse-icon_no-text\"><span class=\"awb-menu__m-collapse-icon-open awb-menu__m-collapse-icon-open_no-text fa-bars fas\"><\/span><span class=\"awb-menu__m-collapse-icon-close awb-menu__m-collapse-icon-close_no-text fa-times fas\"><\/span><\/span><\/span><\/button><ul id=\"menu-ntg-ebrex-pl-en\" class=\"fusion-menu awb-menu__main-ul awb-menu__main-ul_row\"><li  id=\"menu-item-19321\"  class=\"menu-item menu-item-type-post_type menu-item-object-page menu-item-19321 awb-menu__li awb-menu__main-li awb-menu__main-li_regular\"  data-item-id=\"19321\"><span class=\"awb-menu__main-background-default awb-menu__main-background-default_fade\"><\/span><span class=\"awb-menu__main-background-active awb-menu__main-background-active_fade\"><\/span><a  href=\"https:\/\/country.ntg.com\/pl-en\/contact\/ntg-ebrex-polska\/\" class=\"awb-menu__main-a awb-menu__main-a_regular\"><span class=\"menu-text\">Welcome<\/span><\/a><\/li><li  id=\"menu-item-19318\"  class=\"menu-item menu-item-type-post_type menu-item-object-page menu-item-19318 awb-menu__li awb-menu__main-li awb-menu__main-li_regular\"  data-item-id=\"19318\"><span class=\"awb-menu__main-background-default awb-menu__main-background-default_fade\"><\/span><span class=\"awb-menu__main-background-active awb-menu__main-background-active_fade\"><\/span><a  href=\"https:\/\/country.ntg.com\/pl-en\/contact\/ntg-ebrex-polska\/merger-plan\/\" class=\"awb-menu__main-a awb-menu__main-a_regular fusion-flex-link\"><span class=\"awb-menu__i awb-menu__i_main fusion-megamenu-icon\"><i class=\"glyphicon fa-exclamation-circle fas\" aria-hidden=\"true\"><\/i><\/span><span class=\"menu-text\">Merger plan<\/span><\/a><\/li><li  id=\"menu-item-19311\"  class=\"menu-item menu-item-type-custom menu-item-object-custom menu-item-has-children menu-item-19311 awb-menu__li awb-menu__main-li awb-menu__main-li_regular\"  data-item-id=\"19311\"><span class=\"awb-menu__main-background-default awb-menu__main-background-default_fade\"><\/span><span class=\"awb-menu__main-background-active awb-menu__main-background-active_fade\"><\/span><a  href=\"#services\" class=\"awb-menu__main-a awb-menu__main-a_regular\"><span class=\"menu-text\">Services<\/span><span class=\"awb-menu__open-nav-submenu-hover\"><\/span><\/a><button type=\"button\" aria-label=\"Open submenu of Services\" aria-expanded=\"false\" class=\"awb-menu__open-nav-submenu_mobile awb-menu__open-nav-submenu_main\"><\/button><ul class=\"awb-menu__sub-ul awb-menu__sub-ul_main\"><li  id=\"menu-item-19312\"  class=\"menu-item menu-item-type-custom menu-item-object-custom menu-item-19312 awb-menu__li awb-menu__sub-li\" ><a  href=\"#road-freight\" class=\"awb-menu__sub-a\"><span>Road freight<\/span><\/a><\/li><li  id=\"menu-item-19313\"  class=\"menu-item menu-item-type-custom menu-item-object-custom menu-item-19313 awb-menu__li awb-menu__sub-li\" ><a  href=\"#express-freight\" class=\"awb-menu__sub-a\"><span>Express transport<\/span><\/a><\/li><li  id=\"menu-item-19314\"  class=\"menu-item menu-item-type-custom menu-item-object-custom menu-item-19314 awb-menu__li awb-menu__sub-li\" ><a  href=\"#customs\" class=\"awb-menu__sub-a\"><span>Customs<\/span><\/a><\/li><li  id=\"menu-item-19315\"  class=\"menu-item menu-item-type-custom menu-item-object-custom menu-item-19315 awb-menu__li awb-menu__sub-li\" ><a  href=\"#warehouse\" class=\"awb-menu__sub-a\"><span>Warehouse<\/span><\/a><\/li><\/ul><\/li><li  id=\"menu-item-19316\"  class=\"menu-item menu-item-type-custom menu-item-object-custom menu-item-19316 awb-menu__li awb-menu__main-li awb-menu__main-li_regular\"  data-item-id=\"19316\"><span class=\"awb-menu__main-background-default awb-menu__main-background-default_fade\"><\/span><span class=\"awb-menu__main-background-active awb-menu__main-background-active_fade\"><\/span><a  class=\"awb-menu__main-a awb-menu__main-a_regular\"><span class=\"menu-text\">Get a quote<\/span><\/a><\/li><li  id=\"menu-item-19317\"  class=\"menu-item menu-item-type-custom menu-item-object-custom menu-item-19317 awb-menu__li awb-menu__main-li awb-menu__main-li_regular\"  data-item-id=\"19317\"><span class=\"awb-menu__main-background-default awb-menu__main-background-default_fade\"><\/span><span class=\"awb-menu__main-background-active awb-menu__main-background-active_fade\"><\/span><a  href=\"#contact\" class=\"awb-menu__main-a awb-menu__main-a_regular\"><span class=\"menu-text\">Contact us<\/span><\/a><\/li><\/ul><\/nav><\/div><\/div><\/div><\/div><div class=\"fusion-fullwidth fullwidth-box fusion-builder-row-3 fusion-flex-container has-pattern-background has-mask-background content-box nonhundred-percent-fullwidth non-hundred-percent-height-scrolling fusion-animated\" style=\"--awb-border-radius-top-left:0px;--awb-border-radius-top-right:0px;--awb-border-radius-bottom-right:0px;--awb-border-radius-bottom-left:0px;--awb-margin-top:40px;--awb-flex-wrap:wrap;\" data-animationType=\"fadeInUp\" data-animationDuration=\"1.0\" data-animationOffset=\"top-into-view\" ><div class=\"fusion-builder-row fusion-row fusion-flex-align-items-flex-start fusion-flex-justify-content-center fusion-flex-content-wrap\" style=\"max-width:calc( 1300px + 0px );margin-left: calc(-0px \/ 2 );margin-right: calc(-0px \/ 2 );\"><div class=\"fusion-layout-column fusion_builder_column fusion-builder-column-2 fusion_builder_column_3_4 3_4 fusion-flex-column\" style=\"--awb-padding-right:100px;--awb-padding-left:100px;--awb-padding-right-small:0px;--awb-padding-left-small:0px;--awb-bg-size:cover;--awb-width-large:75%;--awb-margin-top-large:0px;--awb-spacing-right-large:0;--awb-margin-bottom-large:20px;--awb-spacing-left-large:0;--awb-width-medium:75%;--awb-order-medium:0;--awb-spacing-right-medium:0;--awb-spacing-left-medium:0;--awb-width-small:100%;--awb-order-small:0;--awb-spacing-right-small:0;--awb-spacing-left-small:0;\" data-motion-effects=\"[{&quot;type&quot;:&quot;&quot;,&quot;scroll_type&quot;:&quot;transition&quot;,&quot;scroll_direction&quot;:&quot;up&quot;,&quot;transition_speed&quot;:&quot;1&quot;,&quot;fade_type&quot;:&quot;in&quot;,&quot;scale_type&quot;:&quot;up&quot;,&quot;initial_scale&quot;:&quot;1&quot;,&quot;max_scale&quot;:&quot;1.5&quot;,&quot;min_scale&quot;:&quot;0.5&quot;,&quot;initial_rotate&quot;:&quot;0&quot;,&quot;end_rotate&quot;:&quot;30&quot;,&quot;initial_blur&quot;:&quot;0&quot;,&quot;end_blur&quot;:&quot;3&quot;,&quot;start_element&quot;:&quot;top&quot;,&quot;start_viewport&quot;:&quot;bottom&quot;,&quot;end_element&quot;:&quot;bottom&quot;,&quot;end_viewport&quot;:&quot;top&quot;,&quot;mouse_effect&quot;:&quot;track&quot;,&quot;mouse_effect_direction&quot;:&quot;opposite&quot;,&quot;mouse_effect_speed&quot;:&quot;2&quot;,&quot;infinite_animation&quot;:&quot;float&quot;,&quot;infinite_animation_speed&quot;:&quot;2&quot;}]\" data-scroll-devices=\"small-visibility,medium-visibility,large-visibility\"><div class=\"fusion-column-wrapper fusion-column-has-shadow fusion-flex-justify-content-flex-start fusion-content-layout-column\"><div class=\"fusion-title title fusion-title-2 fusion-sep-none fusion-title-center fusion-title-text fusion-title-size-two\"><h2 class=\"fusion-title-heading title-heading-center\" style=\"margin:0;\">Merging plan for NTG Ebrex PL and NTG Road PL<\/h2><\/div><\/div><\/div><div class=\"fusion-layout-column fusion_builder_column fusion-builder-column-3 fusion_builder_column_1_1 1_1 fusion-flex-column text-box\" style=\"--awb-bg-color:var(--awb-color6);--awb-bg-color-hover:var(--awb-color6);--awb-bg-size:cover;--awb-width-large:100%;--awb-margin-top-large:0px;--awb-spacing-right-large:0;--awb-margin-bottom-large:0px;--awb-spacing-left-large:0;--awb-width-medium:100%;--awb-order-medium:0;--awb-spacing-right-medium:0;--awb-spacing-left-medium:0;--awb-width-small:100%;--awb-order-small:2;--awb-spacing-right-small:0;--awb-spacing-left-small:0;\" data-motion-effects=\"[{&quot;type&quot;:&quot;&quot;,&quot;scroll_type&quot;:&quot;transition&quot;,&quot;scroll_direction&quot;:&quot;up&quot;,&quot;transition_speed&quot;:&quot;1&quot;,&quot;fade_type&quot;:&quot;in&quot;,&quot;scale_type&quot;:&quot;up&quot;,&quot;initial_scale&quot;:&quot;1&quot;,&quot;max_scale&quot;:&quot;1.5&quot;,&quot;min_scale&quot;:&quot;0.5&quot;,&quot;initial_rotate&quot;:&quot;0&quot;,&quot;end_rotate&quot;:&quot;30&quot;,&quot;initial_blur&quot;:&quot;0&quot;,&quot;end_blur&quot;:&quot;3&quot;,&quot;start_element&quot;:&quot;top&quot;,&quot;start_viewport&quot;:&quot;bottom&quot;,&quot;end_element&quot;:&quot;bottom&quot;,&quot;end_viewport&quot;:&quot;top&quot;,&quot;mouse_effect&quot;:&quot;track&quot;,&quot;mouse_effect_direction&quot;:&quot;opposite&quot;,&quot;mouse_effect_speed&quot;:&quot;2&quot;,&quot;infinite_animation&quot;:&quot;float&quot;,&quot;infinite_animation_speed&quot;:&quot;2&quot;}]\" data-scroll-devices=\"small-visibility,medium-visibility,large-visibility\"><div class=\"fusion-column-wrapper fusion-column-has-shadow fusion-flex-justify-content-flex-start fusion-content-layout-column\"><div class=\"fusion-text fusion-text-1 fusion-text-no-margin\" style=\"--awb-margin-bottom:40px;\"><h4>Notice on the Publication of the Merger Plan<\/h4>\n<p>In connection with the intended merger, pursuant to Article 492 \u00a7 1 point 1 of the Act of 15 September 2000 \u2013 the Code of Commercial Partnerships and Companies (consolidated text: Journal of Laws of 2024, item 18, as amended; hereinafter: the \u201cCCPC\u201d), between the following companies: NTG Road sp\u00f3\u0142ka z ograniczon\u0105 odpowiedzialno\u015bci\u0105 with its registered office in Warsaw (04-464), at Che\u0142m\u017cy\u0144ska 180 Street, entered into the Register of Entrepreneurs of the National Court Register maintained by the District Court for the Capital City of Warsaw in Warsaw, 14th Commercial Division of the National Court Register, under KRS number 0000414162, having NIP (tax identification number): 5272674838, REGON (National Business Registry Number): 146050890, with the share capital of PLN 224,000.00 (the \u201cAcquiring Company\u201d), and NTG Ebrex Polska sp\u00f3\u0142ka z ograniczon\u0105 odpowiedzialno\u015bci\u0105 with its registered office in Kalisz (62-800), at Rozwojowa 1 Street, entered into the Register of Entrepreneurs of the National Court Register maintained by the District Court Pozna\u0144 \u2013 Nowe Miasto i Wilda in Pozna\u0144, 9th<\/p>\n<p>Commercial Division of the National Court Register, under KRS number 0000237432, having NIP (tax identification number): 7542798570, REGON (National Business Registry Number): 160023630, with the share capital of PLN 50,000.00 (the \u201cAcquired Company\u201d), the Management Boards of both companies, acting pursuant to Article 498 of the CCPC, on 25 September 2025 agreed upon and executed a merger plan (the \u201cMerger Plan\u201d).<\/p>\n<p>In view of the foregoing, the Management Board of the Acquiring Company hereby makes the Merger Plan together with its annexes publicly available.<\/p>\n<p>The Management Board of the Acquiring Company further informs that, in accordance with Article 500 \u00a7 21 of the CCPC, the Merger Plan is made available on the website of the Acquiring Company free of charge and continuously for at least one month prior to the date of commencement of the General Meeting of Shareholders at which the resolution on the merger is to be adopted.<\/p>\n<\/div><div class=\"fusion-text fusion-text-2\"><p>View signed contract <a href=\"https:\/\/country.ntg.com\/wp-content\/uploads\/Merger-Plan_PL01_PL03_sign.pdf\">here<\/a>.<\/p>\n<\/div><div class=\"fusion-text fusion-text-3\"><p>Published on 26-09-2025.<\/p>\n<\/div><\/div><\/div><\/div><\/div><\/p>\n","protected":false},"excerpt":{"rendered":"","protected":false},"author":1,"featured_media":15121,"parent":15730,"menu_order":0,"comment_status":"closed","ping_status":"closed","template":"","meta":{"footnotes":""},"class_list":["post-19269","page","type-page","status-publish","has-post-thumbnail","hentry"],"aioseo_notices":[],"yoast_head":"<!-- This site is optimized with the Yoast SEO plugin v27.3 - https:\/\/yoast.com\/product\/yoast-seo-wordpress\/ -->\n<title>Merger plan - NTG.com<\/title>\n<meta name=\"robots\" content=\"index, follow, max-snippet:-1, max-image-preview:large, max-video-preview:-1\" \/>\n<link rel=\"canonical\" href=\"https:\/\/country.ntg.com\/pl-en\/contact\/ntg-ebrex-polska\/merger-plan\/\" \/>\n<meta property=\"og:locale\" content=\"pl_PL\" \/>\n<meta property=\"og:type\" content=\"article\" \/>\n<meta property=\"og:title\" content=\"Merger plan - NTG.com\" \/>\n<meta property=\"og:url\" content=\"https:\/\/country.ntg.com\/pl-en\/contact\/ntg-ebrex-polska\/merger-plan\/\" \/>\n<meta property=\"og:site_name\" content=\"NTG.com\" \/>\n<meta property=\"article:modified_time\" content=\"2025-09-29T07:31:41+00:00\" \/>\n<meta property=\"og:image\" content=\"https:\/\/country.ntg.com\/wp-content\/uploads\/trucks-on-road-1.jpg\" \/>\n\t<meta property=\"og:image:width\" content=\"2200\" \/>\n\t<meta property=\"og:image:height\" content=\"918\" \/>\n\t<meta property=\"og:image:type\" content=\"image\/jpeg\" \/>\n<meta name=\"twitter:card\" content=\"summary_large_image\" \/>\n<meta name=\"twitter:label1\" content=\"Est. reading time\" \/>\n\t<meta name=\"twitter:data1\" content=\"26 minutes\" \/>\n<script type=\"application\/ld+json\" class=\"yoast-schema-graph\">{\"@context\":\"https:\\\/\\\/schema.org\",\"@graph\":[{\"@type\":\"WebPage\",\"@id\":\"https:\\\/\\\/country.ntg.com\\\/pl-en\\\/contact\\\/ntg-ebrex-polska\\\/merger-plan\\\/\",\"url\":\"https:\\\/\\\/country.ntg.com\\\/pl-en\\\/contact\\\/ntg-ebrex-polska\\\/merger-plan\\\/\",\"name\":\"Merger plan - NTG.com\",\"isPartOf\":{\"@id\":\"https:\\\/\\\/country.ntg.com\\\/pl-en\\\/#website\"},\"primaryImageOfPage\":{\"@id\":\"https:\\\/\\\/country.ntg.com\\\/pl-en\\\/contact\\\/ntg-ebrex-polska\\\/merger-plan\\\/#primaryimage\"},\"image\":{\"@id\":\"https:\\\/\\\/country.ntg.com\\\/pl-en\\\/contact\\\/ntg-ebrex-polska\\\/merger-plan\\\/#primaryimage\"},\"thumbnailUrl\":\"https:\\\/\\\/country.ntg.com\\\/wp-content\\\/uploads\\\/trucks-on-road-1.jpg\",\"datePublished\":\"2025-09-25T14:15:25+00:00\",\"dateModified\":\"2025-09-29T07:31:41+00:00\",\"breadcrumb\":{\"@id\":\"https:\\\/\\\/country.ntg.com\\\/pl-en\\\/contact\\\/ntg-ebrex-polska\\\/merger-plan\\\/#breadcrumb\"},\"inLanguage\":\"pl-EN\",\"potentialAction\":[{\"@type\":\"ReadAction\",\"target\":[\"https:\\\/\\\/country.ntg.com\\\/pl-en\\\/contact\\\/ntg-ebrex-polska\\\/merger-plan\\\/\"]}]},{\"@type\":\"ImageObject\",\"inLanguage\":\"pl-EN\",\"@id\":\"https:\\\/\\\/country.ntg.com\\\/pl-en\\\/contact\\\/ntg-ebrex-polska\\\/merger-plan\\\/#primaryimage\",\"url\":\"https:\\\/\\\/country.ntg.com\\\/wp-content\\\/uploads\\\/trucks-on-road-1.jpg\",\"contentUrl\":\"https:\\\/\\\/country.ntg.com\\\/wp-content\\\/uploads\\\/trucks-on-road-1.jpg\",\"width\":2200,\"height\":918},{\"@type\":\"BreadcrumbList\",\"@id\":\"https:\\\/\\\/country.ntg.com\\\/pl-en\\\/contact\\\/ntg-ebrex-polska\\\/merger-plan\\\/#breadcrumb\",\"itemListElement\":[{\"@type\":\"ListItem\",\"position\":1,\"name\":\"Hjem\",\"item\":\"https:\\\/\\\/country.ntg.com\\\/pl-en\\\/\"},{\"@type\":\"ListItem\",\"position\":2,\"name\":\"Contact\",\"item\":\"https:\\\/\\\/country.ntg.com\\\/pl-en\\\/contact\\\/\"},{\"@type\":\"ListItem\",\"position\":3,\"name\":\"NTG Ebrex Polska Sp. z o.o.\",\"item\":\"https:\\\/\\\/country.ntg.com\\\/pl-en\\\/contact\\\/ntg-ebrex-polska\\\/\"},{\"@type\":\"ListItem\",\"position\":4,\"name\":\"Merger plan\"}]},{\"@type\":\"WebSite\",\"@id\":\"https:\\\/\\\/country.ntg.com\\\/pl-en\\\/#website\",\"url\":\"https:\\\/\\\/country.ntg.com\\\/pl-en\\\/\",\"name\":\"NTG.com\",\"description\":\"\",\"potentialAction\":[{\"@type\":\"SearchAction\",\"target\":{\"@type\":\"EntryPoint\",\"urlTemplate\":\"https:\\\/\\\/country.ntg.com\\\/pl-en\\\/?s={search_term_string}\"},\"query-input\":{\"@type\":\"PropertyValueSpecification\",\"valueRequired\":true,\"valueName\":\"search_term_string\"}}],\"inLanguage\":\"pl-EN\"}]}<\/script>\n<!-- \/ Yoast SEO plugin. -->","yoast_head_json":{"title":"Merger plan - NTG.com","robots":{"index":"index","follow":"follow","max-snippet":"max-snippet:-1","max-image-preview":"max-image-preview:large","max-video-preview":"max-video-preview:-1"},"canonical":"https:\/\/country.ntg.com\/pl-en\/contact\/ntg-ebrex-polska\/merger-plan\/","og_locale":"pl_PL","og_type":"article","og_title":"Merger plan - NTG.com","og_url":"https:\/\/country.ntg.com\/pl-en\/contact\/ntg-ebrex-polska\/merger-plan\/","og_site_name":"NTG.com","article_modified_time":"2025-09-29T07:31:41+00:00","og_image":[{"width":2200,"height":918,"url":"https:\/\/country.ntg.com\/wp-content\/uploads\/trucks-on-road-1.jpg","type":"image\/jpeg"}],"twitter_card":"summary_large_image","twitter_misc":{"Est. reading time":"26 minutes"},"schema":{"@context":"https:\/\/schema.org","@graph":[{"@type":"WebPage","@id":"https:\/\/country.ntg.com\/pl-en\/contact\/ntg-ebrex-polska\/merger-plan\/","url":"https:\/\/country.ntg.com\/pl-en\/contact\/ntg-ebrex-polska\/merger-plan\/","name":"Merger plan - NTG.com","isPartOf":{"@id":"https:\/\/country.ntg.com\/pl-en\/#website"},"primaryImageOfPage":{"@id":"https:\/\/country.ntg.com\/pl-en\/contact\/ntg-ebrex-polska\/merger-plan\/#primaryimage"},"image":{"@id":"https:\/\/country.ntg.com\/pl-en\/contact\/ntg-ebrex-polska\/merger-plan\/#primaryimage"},"thumbnailUrl":"https:\/\/country.ntg.com\/wp-content\/uploads\/trucks-on-road-1.jpg","datePublished":"2025-09-25T14:15:25+00:00","dateModified":"2025-09-29T07:31:41+00:00","breadcrumb":{"@id":"https:\/\/country.ntg.com\/pl-en\/contact\/ntg-ebrex-polska\/merger-plan\/#breadcrumb"},"inLanguage":"pl-EN","potentialAction":[{"@type":"ReadAction","target":["https:\/\/country.ntg.com\/pl-en\/contact\/ntg-ebrex-polska\/merger-plan\/"]}]},{"@type":"ImageObject","inLanguage":"pl-EN","@id":"https:\/\/country.ntg.com\/pl-en\/contact\/ntg-ebrex-polska\/merger-plan\/#primaryimage","url":"https:\/\/country.ntg.com\/wp-content\/uploads\/trucks-on-road-1.jpg","contentUrl":"https:\/\/country.ntg.com\/wp-content\/uploads\/trucks-on-road-1.jpg","width":2200,"height":918},{"@type":"BreadcrumbList","@id":"https:\/\/country.ntg.com\/pl-en\/contact\/ntg-ebrex-polska\/merger-plan\/#breadcrumb","itemListElement":[{"@type":"ListItem","position":1,"name":"Hjem","item":"https:\/\/country.ntg.com\/pl-en\/"},{"@type":"ListItem","position":2,"name":"Contact","item":"https:\/\/country.ntg.com\/pl-en\/contact\/"},{"@type":"ListItem","position":3,"name":"NTG Ebrex Polska Sp. z o.o.","item":"https:\/\/country.ntg.com\/pl-en\/contact\/ntg-ebrex-polska\/"},{"@type":"ListItem","position":4,"name":"Merger plan"}]},{"@type":"WebSite","@id":"https:\/\/country.ntg.com\/pl-en\/#website","url":"https:\/\/country.ntg.com\/pl-en\/","name":"NTG.com","description":"","potentialAction":[{"@type":"SearchAction","target":{"@type":"EntryPoint","urlTemplate":"https:\/\/country.ntg.com\/pl-en\/?s={search_term_string}"},"query-input":{"@type":"PropertyValueSpecification","valueRequired":true,"valueName":"search_term_string"}}],"inLanguage":"pl-EN"}]}},"_links":{"self":[{"href":"https:\/\/country.ntg.com\/pl-en\/wp-json\/wp\/v2\/pages\/19269","targetHints":{"allow":["GET"]}}],"collection":[{"href":"https:\/\/country.ntg.com\/pl-en\/wp-json\/wp\/v2\/pages"}],"about":[{"href":"https:\/\/country.ntg.com\/pl-en\/wp-json\/wp\/v2\/types\/page"}],"author":[{"embeddable":true,"href":"https:\/\/country.ntg.com\/pl-en\/wp-json\/wp\/v2\/users\/1"}],"replies":[{"embeddable":true,"href":"https:\/\/country.ntg.com\/pl-en\/wp-json\/wp\/v2\/comments?post=19269"}],"version-history":[{"count":0,"href":"https:\/\/country.ntg.com\/pl-en\/wp-json\/wp\/v2\/pages\/19269\/revisions"}],"up":[{"embeddable":true,"href":"https:\/\/country.ntg.com\/pl-en\/wp-json\/wp\/v2\/pages\/15730"}],"wp:featuredmedia":[{"embeddable":true,"href":"https:\/\/country.ntg.com\/pl-en\/wp-json\/wp\/v2\/media\/15121"}],"wp:attachment":[{"href":"https:\/\/country.ntg.com\/pl-en\/wp-json\/wp\/v2\/media?parent=19269"}],"curies":[{"name":"wp","href":"https:\/\/api.w.org\/{rel}","templated":true}]}}